{"id":23521,"date":"2018-06-01T07:44:52","date_gmt":"2018-06-01T07:44:52","guid":{"rendered":"https:\/\/www.bendel.de\/?page_id=23521"},"modified":"2021-09-13T19:44:51","modified_gmt":"2021-09-13T19:44:51","slug":"privacy-policy","status":"publish","type":"page","link":"https:\/\/www.tornador.no\/en\/privacy-policy\/","title":{"rendered":"Privacy policy"},"content":{"rendered":"<p>[et_pb_section fb_built=&#8221;1&#8243; _builder_version=&#8221;3.22&#8243; global_colors_info=&#8221;{}&#8221;][et_pb_row _builder_version=&#8221;3.25&#8243; global_colors_info=&#8221;{}&#8221;][et_pb_column type=&#8221;4_4&#8243; _builder_version=&#8221;3.25&#8243; custom_padding=&#8221;|||&#8221; global_colors_info=&#8221;{}&#8221; custom_padding__hover=&#8221;|||&#8221;][et_pb_text _builder_version=&#8221;4.10.5&#8243; hover_enabled=&#8221;0&#8243; global_colors_info=&#8221;{}&#8221; sticky_enabled=&#8221;0&#8243;]<\/p>\n<h3>Hva er informasjonskapsler (\u201ccookies\u201d) og lokal lagring av data?<\/h3>\n<p>N\u00e5r du bes\u00f8ker nettsidene v\u00e5re lagres det ulike typer data lokalt p\u00e5 din enhet via nettleseren din. Dataene kan for eksempel inneholde brukerinnstillinger, informasjon om hvordan du har surfet p\u00e5 v\u00e5re nettsider, hvilken nettleser du bruker, hvilke annonser du har blitt vist. Slike \u201clokalt lagrede data\u201d kan brukes til \u00e5 tilpasse innhold og funksjoner p\u00e5 tjenestene til deg, og dermed bidra til \u00e5 gj\u00f8re ditt bes\u00f8k bedre tilrettelagt og mer meningsfullt for deg. Informasjonskapsler inneholder ikke direkte identifiserbare data om deg (slik som navn, adresse, telefonnummer og liknende), men informasjon om nettleseren din og aktivitet som har funnet sted gjennom denne.<\/p>\n<h3>Hva bruker vi informasjonskapsler og lokalt lagret data til?<\/h3>\n<p>Vi bruker lokal lagring av data for \u00e5:<\/p>\n<ul>\n<li>Levere og tilpasse tjenestene v\u00e5re til enheten og nettleseren du bruker<\/li>\n<li>Gi deg relevant og tilpasset innhold<\/li>\n<li>M\u00e5le og analysere trafikken p\u00e5 nettsidene<\/li>\n<\/ul>\n<p>B\u00e5de Norsk Prol og v\u00e5re underleverand\u00f8rer (for eksempel Idium AS som leverand\u00f8rer av denne nettsiden) lagrer data lokalt p\u00e5 din enhet. Eventuelle underleverand\u00f8rer er da underlagt databehandleravtaler og f\u00e5r ikke bruke dataene til annet enn \u00e5 levere tjenesten vi har bestilt av dem. For mer info om hvordan Idium AS sine tjenester behandler persondata se\u00a0<a href=\"https:\/\/www.idium.no\/vare-tjenesters-personvern\/\" target=\"_blank\" rel=\"noopener\">her<\/a>.<\/p>\n<p>[\/et_pb_text][\/et_pb_column][\/et_pb_row][\/et_pb_section]<\/p>\n","protected":false},"excerpt":{"rendered":"<p>Hva er informasjonskapsler (\u201ccookies\u201d) og lokal lagring av data? N\u00e5r du bes\u00f8ker nettsidene v\u00e5re lagres det ulike typer data lokalt p\u00e5 din enhet via nettleseren din. Dataene kan for eksempel inneholde brukerinnstillinger, informasjon om hvordan du har surfet p\u00e5 v\u00e5re nettsider, hvilken nettleser du bruker, hvilke annonser du har blitt vist. Slike \u201clokalt lagrede data\u201d [&hellip;]<\/p>\n","protected":false},"author":7,"featured_media":0,"parent":0,"menu_order":7,"comment_status":"closed","ping_status":"closed","template":"","meta":{"_et_pb_use_builder":"on","_et_pb_old_content":"","_et_gb_content_width":"","footnotes":""},"class_list":["post-23521","page","type-page","status-publish","hentry"],"_links":{"self":[{"href":"https:\/\/www.tornador.no\/en\/wp-json\/wp\/v2\/pages\/23521","targetHints":{"allow":["GET"]}}],"collection":[{"href":"https:\/\/www.tornador.no\/en\/wp-json\/wp\/v2\/pages"}],"about":[{"href":"https:\/\/www.tornador.no\/en\/wp-json\/wp\/v2\/types\/page"}],"author":[{"embeddable":true,"href":"https:\/\/www.tornador.no\/en\/wp-json\/wp\/v2\/users\/7"}],"replies":[{"embeddable":true,"href":"https:\/\/www.tornador.no\/en\/wp-json\/wp\/v2\/comments?post=23521"}],"version-history":[{"count":6,"href":"https:\/\/www.tornador.no\/en\/wp-json\/wp\/v2\/pages\/23521\/revisions"}],"predecessor-version":[{"id":30538,"href":"https:\/\/www.tornador.no\/en\/wp-json\/wp\/v2\/pages\/23521\/revisions\/30538"}],"wp:attachment":[{"href":"https:\/\/www.tornador.no\/en\/wp-json\/wp\/v2\/media?parent=23521"}],"curies":[{"name":"wp","href":"https:\/\/api.w.org\/{rel}","templated":true}]}}